{"id":368,"date":"2025-02-09T18:21:29","date_gmt":"2025-02-09T17:21:29","guid":{"rendered":"https:\/\/sodscentofdream.com\/?page_id=368"},"modified":"2025-07-13T21:14:10","modified_gmt":"2025-07-13T19:14:10","slug":"season11","status":"publish","type":"page","link":"https:\/\/sodscentofdream.com\/index.php\/season11\/","title":{"rendered":"Les SEASONS de SOD : Une Exp\u00e9rience Olfactive \u00c9volutive"},"content":{"rendered":"\n<p>Chez&nbsp;<strong>SOD<\/strong>, nous croyons que le parfum doit&nbsp;<strong>\u00e9voluer<\/strong>&nbsp;avec&nbsp;<strong>vous<\/strong>, au fil du temps et des&nbsp;<strong>saisons<\/strong>. C\u2019est pourquoi nous avons cr\u00e9\u00e9&nbsp;<strong>Les Seasons<\/strong>&nbsp;de&nbsp;<strong>SOD<\/strong>, une s\u00e9lection exclusive qui change&nbsp;<strong>quatre<\/strong>&nbsp;fois par an pour refl\u00e9ter l\u2019esprit de chaque saison.<\/p>\n\n\n\n<p><strong>Un concept unique !<\/strong><\/p>\n\n\n\n<p>Chaque saison (printemps, \u00e9t\u00e9, automne, hiver) propose une collection \u00e9ph\u00e9m\u00e8re de&nbsp;<strong>6<\/strong>&nbsp;parfums, soigneusement choisis pour s\u2019adapter \u00e0&nbsp;<strong>votre<\/strong>&nbsp;style, \u00e0 l\u2019ambiance et aux&nbsp;<strong>\u00e9motions<\/strong>&nbsp;du moment.<\/p>\n\n\n\n<p><strong>Pourquoi suivre les Seasons ?<\/strong><\/p>\n\n\n\n<p>\u2022&nbsp;<strong>Harmonie<\/strong>&nbsp;avec la nature : Tout comme vous<strong>&nbsp;adaptez<\/strong>&nbsp;votre garde-robe aux saisons, votre parfum peut lui aussi refl\u00e9ter l\u2019\u00e9nergie et les&nbsp;<strong>nuances<\/strong>&nbsp;de chaque&nbsp;<strong>p\u00e9riode<\/strong>&nbsp;de l\u2019ann\u00e9e.<br><br>\u2022&nbsp;<strong>Diversit\u00e9<\/strong>&nbsp;des styles : Les fragrances propos\u00e9es vous permettent d\u2019explorer diff\u00e9rentes facettes de votre&nbsp;<strong>personnalit\u00e9<\/strong>&nbsp;tout au long de l\u2019ann\u00e9e, du&nbsp;<strong>frais&nbsp;<\/strong>et&nbsp;<strong>lumineux<\/strong>&nbsp;au&nbsp;<strong>chaud&nbsp;<\/strong>et&nbsp;<strong>enveloppant<\/strong>.<br><br>\u2022 Des d\u00e9couvertes&nbsp;<strong>exclusives<\/strong>&nbsp;: Chaque Season vous fait&nbsp;<strong>d\u00e9couvrir<\/strong>&nbsp;des parfums rares soigneusement s\u00e9lectionn\u00e9es.<\/p>\n\n\n\n<p><strong>Les\u00a04\u00a0SEASONS<\/strong><\/p>\n\n\n\n<p>\u2022 Printemps : Fra\u00eecheur, l\u00e9g\u00e8ret\u00e9 et renaissance.<br>\u2022 \u00c9t\u00e9 : Chaleur, sensualit\u00e9 et lumi\u00e8re \u00e9clatante.<br>\u2022 Automne : Profondeur, r\u00e9confort et myst\u00e8re.<br>\u2022 Hiver : Intensit\u00e9, \u00e9l\u00e9gance et sophistication.<\/p>\n\n\n\n<p><strong>Avec les Seasons de SOD, vivez le parfum autrement : une aventure sensorielle qui vous accompagne, saison apr\u00e8s saison.<\/strong><\/p>\n","protected":false},"excerpt":{"rendered":"<p>Chez&nbsp;SOD, nous croyons que le parfum doit&nbsp;\u00e9voluer&nbsp;avec&nbsp;vous, au fil du temps et des&nbsp;saisons. C\u2019est pourquoi nous avons cr\u00e9\u00e9&nbsp;Les Seasons&nbsp;de&nbsp;SOD, une s\u00e9lection exclusive qui change&nbsp;quatre&nbsp;fois par an pour refl\u00e9ter l\u2019esprit de chaque saison. Un concept unique ! Chaque saison (printemps, \u00e9t\u00e9, automne, hiver) propose une collection \u00e9ph\u00e9m\u00e8re de&nbsp;6&nbsp;parfums, soigneusement choisis pour s\u2019adapter \u00e0&nbsp;votre&nbsp;style, \u00e0 l\u2019ambiance et [&hellip;]<\/p>\n","protected":false},"author":1,"featured_media":0,"parent":0,"menu_order":0,"comment_status":"closed","ping_status":"closed","template":"pagevide","meta":{"footnotes":""},"class_list":["post-368","page","type-page","status-publish","hentry"],"_links":{"self":[{"href":"https:\/\/sodscentofdream.com\/index.php\/wp-json\/wp\/v2\/pages\/368","targetHints":{"allow":["GET"]}}],"collection":[{"href":"https:\/\/sodscentofdream.com\/index.php\/wp-json\/wp\/v2\/pages"}],"about":[{"href":"https:\/\/sodscentofdream.com\/index.php\/wp-json\/wp\/v2\/types\/page"}],"author":[{"embeddable":true,"href":"https:\/\/sodscentofdream.com\/index.php\/wp-json\/wp\/v2\/users\/1"}],"replies":[{"embeddable":true,"href":"https:\/\/sodscentofdream.com\/index.php\/wp-json\/wp\/v2\/comments?post=368"}],"version-history":[{"count":3,"href":"https:\/\/sodscentofdream.com\/index.php\/wp-json\/wp\/v2\/pages\/368\/revisions"}],"predecessor-version":[{"id":582,"href":"https:\/\/sodscentofdream.com\/index.php\/wp-json\/wp\/v2\/pages\/368\/revisions\/582"}],"wp:attachment":[{"href":"https:\/\/sodscentofdream.com\/index.php\/wp-json\/wp\/v2\/media?parent=368"}],"curies":[{"name":"wp","href":"https:\/\/api.w.org\/{rel}","templated":true}]}}