{"id":372,"date":"2025-02-09T18:31:26","date_gmt":"2025-02-09T17:31:26","guid":{"rendered":"https:\/\/sodscentofdream.com\/?page_id=372"},"modified":"2025-02-09T18:31:26","modified_gmt":"2025-02-09T17:31:26","slug":"choisirsonparfum","status":"publish","type":"page","link":"https:\/\/sodscentofdream.com\/index.php\/choisirsonparfum\/","title":{"rendered":"Comment choisir un parfum selon votre personnalit\u00e9 et humeur"},"content":{"rendered":"\n<p>Le parfum est bien plus qu\u2019un simple accessoire, c&rsquo;est un reflet de votre personnalit\u00e9 et de votre humeur. Chez SOD, nous vous guidons pour choisir la fragrance qui vous correspond.<\/p>\n\n\n\n<p><strong>1. Comprendre les familles olfactives<\/strong><\/p>\n\n\n\n<p>Les parfums se divisent en sept grandes familles :<\/p>\n\n\n\n<ul class=\"wp-block-list\">\n<li><strong>Florale<\/strong> : Douce et romantique (rose, jasmin).<\/li>\n\n\n\n<li><strong>Orientale<\/strong> : Sensuelle et chaleureuse (\u00e9pices, ambre).<\/li>\n\n\n\n<li><strong>Bois\u00e9e<\/strong> : Naturelle et chaleureuse (santal, c\u00e8dre).<\/li>\n\n\n\n<li><strong>Aromatique<\/strong> : Fra\u00eeche et revigorante (lavande, basilic).<\/li>\n\n\n\n<li><strong>Chypr\u00e9e<\/strong> : Sophistiqu\u00e9e et complexe (patchouli, mousse de ch\u00eane).<\/li>\n\n\n\n<li><strong>Foug\u00e8re<\/strong> : Fra\u00eeche et \u00e9l\u00e9gante (lavande, mousse).<\/li>\n\n\n\n<li><strong>Gourmande<\/strong> : Sucr\u00e9e et r\u00e9confortante (vanille, caramel).<\/li>\n<\/ul>\n\n\n\n<p><strong>2. Choisir selon votre personnalit\u00e9<\/strong><\/p>\n\n\n\n<ul class=\"wp-block-list\">\n<li><strong>Classique et chic<\/strong> : Parfums orientaux.<\/li>\n\n\n\n<li><strong>Audacieuse et affirm\u00e9e<\/strong> : Parfums bois\u00e9s et cuir\u00e9s.<\/li>\n\n\n\n<li><strong>Romantique<\/strong> : Parfums floraux doux.<\/li>\n\n\n\n<li><strong>Minimaliste et discret<\/strong> : Parfums l\u00e9gers.<\/li>\n\n\n\n<li><strong>Magnetique et sensuel<\/strong> : Parfums gourmands.<\/li>\n<\/ul>\n\n\n\n<p><strong>3. Adapter le parfum \u00e0 votre humeur<\/strong><\/p>\n\n\n\n<ul class=\"wp-block-list\">\n<li><strong>Matin\u00e9e \u00e9nergique<\/strong> : Notes fra\u00eeches comme le citron ou la bergamote.<\/li>\n\n\n\n<li><strong>Moment de d\u00e9tente<\/strong> : Bois de santal, lavande.<\/li>\n\n\n\n<li><strong>Soir\u00e9e \u00e9l\u00e9gante<\/strong> : Cuir, safran, vanille.<\/li>\n\n\n\n<li><strong>Instant cocooning<\/strong> : Musc, f\u00e8ve tonka.<\/li>\n<\/ul>\n\n\n\n<p><strong>4. Tester avant d&rsquo;acheter<\/strong><\/p>\n\n\n\n<p>Appliquez le parfum sur votre peau pour voir comment il \u00e9volue au fil du temps. Testez 3-4 parfums \u00e0 la fois et laissez-vous guider par votre ressenti.<\/p>\n\n\n\n<p><strong>Conclusion: <\/strong>Choisir un parfum est une exp\u00e9rience sensorielle et \u00e9motionnelle. Prenez le temps de d\u00e9couvrir ce qui vous correspond le mieux, en fonction de votre personnalit\u00e9 et de votre humeur. Partez \u00e0 la d\u00e9couverte de votre signature olfactive !<\/p>\n","protected":false},"excerpt":{"rendered":"<p>Le parfum est bien plus qu\u2019un simple accessoire, c&rsquo;est un reflet de votre personnalit\u00e9 et de votre humeur. Chez SOD, nous vous guidons pour choisir la fragrance qui vous correspond. 1. Comprendre les familles olfactives Les parfums se divisent en sept grandes familles : 2. Choisir selon votre personnalit\u00e9 3. Adapter le parfum \u00e0 votre [&hellip;]<\/p>\n","protected":false},"author":1,"featured_media":0,"parent":0,"menu_order":0,"comment_status":"closed","ping_status":"closed","template":"pagevide","meta":{"footnotes":""},"class_list":["post-372","page","type-page","status-publish","hentry"],"_links":{"self":[{"href":"https:\/\/sodscentofdream.com\/index.php\/wp-json\/wp\/v2\/pages\/372","targetHints":{"allow":["GET"]}}],"collection":[{"href":"https:\/\/sodscentofdream.com\/index.php\/wp-json\/wp\/v2\/pages"}],"about":[{"href":"https:\/\/sodscentofdream.com\/index.php\/wp-json\/wp\/v2\/types\/page"}],"author":[{"embeddable":true,"href":"https:\/\/sodscentofdream.com\/index.php\/wp-json\/wp\/v2\/users\/1"}],"replies":[{"embeddable":true,"href":"https:\/\/sodscentofdream.com\/index.php\/wp-json\/wp\/v2\/comments?post=372"}],"version-history":[{"count":2,"href":"https:\/\/sodscentofdream.com\/index.php\/wp-json\/wp\/v2\/pages\/372\/revisions"}],"predecessor-version":[{"id":375,"href":"https:\/\/sodscentofdream.com\/index.php\/wp-json\/wp\/v2\/pages\/372\/revisions\/375"}],"wp:attachment":[{"href":"https:\/\/sodscentofdream.com\/index.php\/wp-json\/wp\/v2\/media?parent=372"}],"curies":[{"name":"wp","href":"https:\/\/api.w.org\/{rel}","templated":true}]}}